{"id":314,"date":"2016-12-18T11:59:39","date_gmt":"2016-12-18T11:59:39","guid":{"rendered":"http:\/\/living-rhythm.de\/?page_id=314"},"modified":"2017-12-04T20:05:43","modified_gmt":"2017-12-04T20:05:43","slug":"wswd-hattingen","status":"publish","type":"page","link":"http:\/\/living-rhythm.de\/?page_id=314","title":{"rendered":"WSWD Hattingen"},"content":{"rendered":"<p><a href=\"http:\/\/living-rhythm.de\/?attachment_id=315\" rel=\"attachment wp-att-315\"><img decoding=\"async\" loading=\"lazy\" class=\"alignnone size-medium wp-image-315\" src=\"http:\/\/living-rhythm.de\/wp-content\/uploads\/2016\/12\/img20161203_18083913-218x300.jpg\" alt=\"img20161203_18083913\" width=\"218\" height=\"300\" srcset=\"http:\/\/living-rhythm.de\/wp-content\/uploads\/2016\/12\/img20161203_18083913-218x300.jpg 218w, http:\/\/living-rhythm.de\/wp-content\/uploads\/2016\/12\/img20161203_18083913-768x1057.jpg 768w, http:\/\/living-rhythm.de\/wp-content\/uploads\/2016\/12\/img20161203_18083913-744x1024.jpg 744w, http:\/\/living-rhythm.de\/wp-content\/uploads\/2016\/12\/img20161203_18083913-624x859.jpg 624w\" sizes=\"(max-width: 218px) 100vw, 218px\" \/><\/a> <a href=\"http:\/\/living-rhythm.de\/?attachment_id=316\" rel=\"attachment wp-att-316\"><img decoding=\"async\" loading=\"lazy\" class=\"alignnone size-medium wp-image-316\" src=\"http:\/\/living-rhythm.de\/wp-content\/uploads\/2016\/12\/img20161203_18092939-218x300.jpg\" alt=\"img20161203_18092939\" width=\"218\" height=\"300\" srcset=\"http:\/\/living-rhythm.de\/wp-content\/uploads\/2016\/12\/img20161203_18092939-218x300.jpg 218w, http:\/\/living-rhythm.de\/wp-content\/uploads\/2016\/12\/img20161203_18092939-768x1057.jpg 768w, http:\/\/living-rhythm.de\/wp-content\/uploads\/2016\/12\/img20161203_18092939-744x1024.jpg 744w, http:\/\/living-rhythm.de\/wp-content\/uploads\/2016\/12\/img20161203_18092939-624x859.jpg 624w\" sizes=\"(max-width: 218px) 100vw, 218px\" \/><\/a> <a href=\"http:\/\/living-rhythm.de\/?attachment_id=317\" rel=\"attachment wp-att-317\"><img decoding=\"async\" loading=\"lazy\" class=\"alignnone size-medium wp-image-317\" src=\"http:\/\/living-rhythm.de\/wp-content\/uploads\/2016\/12\/img20161203_18100266-218x300.jpg\" alt=\"img20161203_18100266\" width=\"218\" height=\"300\" srcset=\"http:\/\/living-rhythm.de\/wp-content\/uploads\/2016\/12\/img20161203_18100266-218x300.jpg 218w, http:\/\/living-rhythm.de\/wp-content\/uploads\/2016\/12\/img20161203_18100266-768x1057.jpg 768w, http:\/\/living-rhythm.de\/wp-content\/uploads\/2016\/12\/img20161203_18100266-744x1024.jpg 744w, http:\/\/living-rhythm.de\/wp-content\/uploads\/2016\/12\/img20161203_18100266-624x859.jpg 624w\" sizes=\"(max-width: 218px) 100vw, 218px\" \/><\/a><\/p>\n<p>&nbsp;<\/p>\n<p>&nbsp;<\/p>\n<p><iframe loading=\"lazy\" width=\"625\" height=\"352\" src=\"https:\/\/www.youtube.com\/embed\/videoseries?list=PLW8gTogyRCVlwfO5Bko3H5sxrXgLyV5pR\" frameborder=\"0\" gesture=\"media\" allow=\"encrypted-media\" allowfullscreen><\/iframe><\/p>\n<p>&nbsp;<\/p>\n<p>2017<\/p>\n<p><a href=\"http:\/\/living-rhythm.de\/?attachment_id=353\" rel=\"attachment wp-att-353\"><img decoding=\"async\" loading=\"lazy\" class=\"alignnone size-medium wp-image-353\" src=\"http:\/\/living-rhythm.de\/wp-content\/uploads\/2016\/12\/20171021_110222-1-300x215.jpg\" alt=\"20171021_110222-1\" width=\"300\" height=\"215\" srcset=\"http:\/\/living-rhythm.de\/wp-content\/uploads\/2016\/12\/20171021_110222-1-300x215.jpg 300w, http:\/\/living-rhythm.de\/wp-content\/uploads\/2016\/12\/20171021_110222-1-768x551.jpg 768w, http:\/\/living-rhythm.de\/wp-content\/uploads\/2016\/12\/20171021_110222-1-1024x735.jpg 1024w, http:\/\/living-rhythm.de\/wp-content\/uploads\/2016\/12\/20171021_110222-1-624x448.jpg 624w, http:\/\/living-rhythm.de\/wp-content\/uploads\/2016\/12\/20171021_110222-1.jpg 1259w\" sizes=\"(max-width: 300px) 100vw, 300px\" \/> <\/a><\/p>\n<p><a href=\"http:\/\/living-rhythm.de\/?attachment_id=353\" rel=\"attachment wp-att-353\">Das Team von links nach rechts : Alina Broz\u00e9, Ibo Jamin He\u00dfe und Ulf He\u00dfe<\/a><\/p>\n<p><a href=\"http:\/\/living-rhythm.de\/?attachment_id=356\" rel=\"attachment wp-att-356\"><img decoding=\"async\" loading=\"lazy\" class=\"alignnone size-medium wp-image-356\" src=\"http:\/\/living-rhythm.de\/wp-content\/uploads\/2016\/12\/20171020_181409-169x300.jpg\" alt=\"20171020_181409\" width=\"169\" height=\"300\" srcset=\"http:\/\/living-rhythm.de\/wp-content\/uploads\/2016\/12\/20171020_181409-169x300.jpg 169w, http:\/\/living-rhythm.de\/wp-content\/uploads\/2016\/12\/20171020_181409-768x1365.jpg 768w, http:\/\/living-rhythm.de\/wp-content\/uploads\/2016\/12\/20171020_181409-576x1024.jpg 576w, http:\/\/living-rhythm.de\/wp-content\/uploads\/2016\/12\/20171020_181409-624x1109.jpg 624w, http:\/\/living-rhythm.de\/wp-content\/uploads\/2016\/12\/20171020_181409.jpg 1152w\" sizes=\"(max-width: 169px) 100vw, 169px\" \/><\/a> <a href=\"http:\/\/living-rhythm.de\/?attachment_id=357\" rel=\"attachment wp-att-357\"><img decoding=\"async\" loading=\"lazy\" class=\"alignnone size-medium wp-image-357\" src=\"http:\/\/living-rhythm.de\/wp-content\/uploads\/2016\/12\/20171020_181728-300x169.jpg\" alt=\"20171020_181728\" width=\"300\" height=\"169\" srcset=\"http:\/\/living-rhythm.de\/wp-content\/uploads\/2016\/12\/20171020_181728-300x169.jpg 300w, http:\/\/living-rhythm.de\/wp-content\/uploads\/2016\/12\/20171020_181728-768x432.jpg 768w, http:\/\/living-rhythm.de\/wp-content\/uploads\/2016\/12\/20171020_181728-1024x576.jpg 1024w, http:\/\/living-rhythm.de\/wp-content\/uploads\/2016\/12\/20171020_181728-624x351.jpg 624w, http:\/\/living-rhythm.de\/wp-content\/uploads\/2016\/12\/20171020_181728.jpg 2048w\" sizes=\"(max-width: 300px) 100vw, 300px\" \/><\/a> <a href=\"http:\/\/living-rhythm.de\/?attachment_id=358\" rel=\"attachment wp-att-358\"><img decoding=\"async\" loading=\"lazy\" class=\"alignnone size-medium wp-image-358\" src=\"http:\/\/living-rhythm.de\/wp-content\/uploads\/2016\/12\/20171020_185739-300x169.jpg\" alt=\"20171020_185739\" width=\"300\" height=\"169\" srcset=\"http:\/\/living-rhythm.de\/wp-content\/uploads\/2016\/12\/20171020_185739-300x169.jpg 300w, http:\/\/living-rhythm.de\/wp-content\/uploads\/2016\/12\/20171020_185739-768x432.jpg 768w, http:\/\/living-rhythm.de\/wp-content\/uploads\/2016\/12\/20171020_185739-1024x576.jpg 1024w, http:\/\/living-rhythm.de\/wp-content\/uploads\/2016\/12\/20171020_185739-624x351.jpg 624w, http:\/\/living-rhythm.de\/wp-content\/uploads\/2016\/12\/20171020_185739.jpg 2048w\" sizes=\"(max-width: 300px) 100vw, 300px\" \/><\/a> <a href=\"http:\/\/living-rhythm.de\/?attachment_id=359\" rel=\"attachment wp-att-359\"><img decoding=\"async\" loading=\"lazy\" class=\"alignnone size-medium wp-image-359\" src=\"http:\/\/living-rhythm.de\/wp-content\/uploads\/2016\/12\/20171021_113947-300x169.jpg\" alt=\"20171021_113947\" width=\"300\" height=\"169\" srcset=\"http:\/\/living-rhythm.de\/wp-content\/uploads\/2016\/12\/20171021_113947-300x169.jpg 300w, http:\/\/living-rhythm.de\/wp-content\/uploads\/2016\/12\/20171021_113947-768x432.jpg 768w, http:\/\/living-rhythm.de\/wp-content\/uploads\/2016\/12\/20171021_113947-1024x576.jpg 1024w, http:\/\/living-rhythm.de\/wp-content\/uploads\/2016\/12\/20171021_113947-624x351.jpg 624w, http:\/\/living-rhythm.de\/wp-content\/uploads\/2016\/12\/20171021_113947.jpg 2048w\" sizes=\"(max-width: 300px) 100vw, 300px\" \/><\/a> <a href=\"http:\/\/living-rhythm.de\/?attachment_id=360\" rel=\"attachment wp-att-360\"><img decoding=\"async\" loading=\"lazy\" class=\"alignnone size-medium wp-image-360\" src=\"http:\/\/living-rhythm.de\/wp-content\/uploads\/2016\/12\/20171021_114023-300x169.jpg\" alt=\"20171021_114023\" width=\"300\" height=\"169\" srcset=\"http:\/\/living-rhythm.de\/wp-content\/uploads\/2016\/12\/20171021_114023-300x169.jpg 300w, http:\/\/living-rhythm.de\/wp-content\/uploads\/2016\/12\/20171021_114023-768x432.jpg 768w, http:\/\/living-rhythm.de\/wp-content\/uploads\/2016\/12\/20171021_114023-1024x576.jpg 1024w, http:\/\/living-rhythm.de\/wp-content\/uploads\/2016\/12\/20171021_114023-624x351.jpg 624w, http:\/\/living-rhythm.de\/wp-content\/uploads\/2016\/12\/20171021_114023.jpg 2048w\" sizes=\"(max-width: 300px) 100vw, 300px\" \/><\/a> <a href=\"http:\/\/living-rhythm.de\/?attachment_id=361\" rel=\"attachment wp-att-361\"><img decoding=\"async\" loading=\"lazy\" class=\"alignnone size-medium wp-image-361\" src=\"http:\/\/living-rhythm.de\/wp-content\/uploads\/2016\/12\/20171021_114406-300x169.jpg\" alt=\"20171021_114406\" width=\"300\" height=\"169\" srcset=\"http:\/\/living-rhythm.de\/wp-content\/uploads\/2016\/12\/20171021_114406-300x169.jpg 300w, http:\/\/living-rhythm.de\/wp-content\/uploads\/2016\/12\/20171021_114406-768x432.jpg 768w, http:\/\/living-rhythm.de\/wp-content\/uploads\/2016\/12\/20171021_114406-1024x576.jpg 1024w, http:\/\/living-rhythm.de\/wp-content\/uploads\/2016\/12\/20171021_114406-624x351.jpg 624w, http:\/\/living-rhythm.de\/wp-content\/uploads\/2016\/12\/20171021_114406.jpg 2048w\" sizes=\"(max-width: 300px) 100vw, 300px\" \/><\/a> <a href=\"http:\/\/living-rhythm.de\/?attachment_id=362\" rel=\"attachment wp-att-362\"><img decoding=\"async\" loading=\"lazy\" class=\"alignnone size-medium wp-image-362\" src=\"http:\/\/living-rhythm.de\/wp-content\/uploads\/2016\/12\/20171021_120433-300x169.jpg\" alt=\"20171021_120433\" width=\"300\" height=\"169\" srcset=\"http:\/\/living-rhythm.de\/wp-content\/uploads\/2016\/12\/20171021_120433-300x169.jpg 300w, http:\/\/living-rhythm.de\/wp-content\/uploads\/2016\/12\/20171021_120433-768x432.jpg 768w, http:\/\/living-rhythm.de\/wp-content\/uploads\/2016\/12\/20171021_120433-1024x576.jpg 1024w, http:\/\/living-rhythm.de\/wp-content\/uploads\/2016\/12\/20171021_120433-624x351.jpg 624w, http:\/\/living-rhythm.de\/wp-content\/uploads\/2016\/12\/20171021_120433.jpg 2048w\" sizes=\"(max-width: 300px) 100vw, 300px\" \/><\/a> <a href=\"http:\/\/living-rhythm.de\/?attachment_id=363\" rel=\"attachment wp-att-363\"><img decoding=\"async\" loading=\"lazy\" class=\"alignnone size-medium wp-image-363\" src=\"http:\/\/living-rhythm.de\/wp-content\/uploads\/2016\/12\/20171021_121049-300x169.jpg\" alt=\"20171021_121049\" width=\"300\" height=\"169\" srcset=\"http:\/\/living-rhythm.de\/wp-content\/uploads\/2016\/12\/20171021_121049-300x169.jpg 300w, http:\/\/living-rhythm.de\/wp-content\/uploads\/2016\/12\/20171021_121049-768x432.jpg 768w, http:\/\/living-rhythm.de\/wp-content\/uploads\/2016\/12\/20171021_121049-1024x576.jpg 1024w, http:\/\/living-rhythm.de\/wp-content\/uploads\/2016\/12\/20171021_121049-624x351.jpg 624w, http:\/\/living-rhythm.de\/wp-content\/uploads\/2016\/12\/20171021_121049.jpg 2048w\" sizes=\"(max-width: 300px) 100vw, 300px\" \/><\/a> <a href=\"http:\/\/living-rhythm.de\/?attachment_id=364\" rel=\"attachment wp-att-364\"><img decoding=\"async\" loading=\"lazy\" class=\"alignnone size-medium wp-image-364\" src=\"http:\/\/living-rhythm.de\/wp-content\/uploads\/2016\/12\/20171022_094322-300x169.jpg\" alt=\"20171022_094322\" width=\"300\" height=\"169\" srcset=\"http:\/\/living-rhythm.de\/wp-content\/uploads\/2016\/12\/20171022_094322-300x169.jpg 300w, http:\/\/living-rhythm.de\/wp-content\/uploads\/2016\/12\/20171022_094322-768x432.jpg 768w, http:\/\/living-rhythm.de\/wp-content\/uploads\/2016\/12\/20171022_094322-1024x576.jpg 1024w, http:\/\/living-rhythm.de\/wp-content\/uploads\/2016\/12\/20171022_094322-624x351.jpg 624w, http:\/\/living-rhythm.de\/wp-content\/uploads\/2016\/12\/20171022_094322.jpg 2048w\" sizes=\"(max-width: 300px) 100vw, 300px\" \/><\/a> <a href=\"http:\/\/living-rhythm.de\/?attachment_id=365\" rel=\"attachment wp-att-365\"><img decoding=\"async\" loading=\"lazy\" class=\"alignnone size-medium wp-image-365\" src=\"http:\/\/living-rhythm.de\/wp-content\/uploads\/2016\/12\/20171022_094347-169x300.jpg\" alt=\"20171022_094347\" width=\"169\" height=\"300\" srcset=\"http:\/\/living-rhythm.de\/wp-content\/uploads\/2016\/12\/20171022_094347-169x300.jpg 169w, http:\/\/living-rhythm.de\/wp-content\/uploads\/2016\/12\/20171022_094347-768x1365.jpg 768w, http:\/\/living-rhythm.de\/wp-content\/uploads\/2016\/12\/20171022_094347-576x1024.jpg 576w, http:\/\/living-rhythm.de\/wp-content\/uploads\/2016\/12\/20171022_094347-624x1109.jpg 624w, http:\/\/living-rhythm.de\/wp-content\/uploads\/2016\/12\/20171022_094347.jpg 1152w\" sizes=\"(max-width: 169px) 100vw, 169px\" \/><\/a> <a href=\"http:\/\/living-rhythm.de\/?attachment_id=366\" rel=\"attachment wp-att-366\"><img decoding=\"async\" loading=\"lazy\" class=\"alignnone size-medium wp-image-366\" src=\"http:\/\/living-rhythm.de\/wp-content\/uploads\/2016\/12\/20171021_161401-300x169.jpg\" alt=\"20171021_161401\" width=\"300\" height=\"169\" srcset=\"http:\/\/living-rhythm.de\/wp-content\/uploads\/2016\/12\/20171021_161401-300x169.jpg 300w, http:\/\/living-rhythm.de\/wp-content\/uploads\/2016\/12\/20171021_161401-768x432.jpg 768w, http:\/\/living-rhythm.de\/wp-content\/uploads\/2016\/12\/20171021_161401-1024x576.jpg 1024w, http:\/\/living-rhythm.de\/wp-content\/uploads\/2016\/12\/20171021_161401-624x351.jpg 624w\" sizes=\"(max-width: 300px) 100vw, 300px\" \/><\/a><\/p>\n<p>2016<\/p>\n<p><a href=\"http:\/\/living-rhythm.de\/?attachment_id=319\" rel=\"attachment wp-att-319\"><img decoding=\"async\" loading=\"lazy\" class=\"alignnone size-medium wp-image-319\" src=\"http:\/\/living-rhythm.de\/wp-content\/uploads\/2016\/12\/20161021_155659-300x169.jpg\" alt=\"20161021_155659\" width=\"300\" height=\"169\" srcset=\"http:\/\/living-rhythm.de\/wp-content\/uploads\/2016\/12\/20161021_155659-300x169.jpg 300w, http:\/\/living-rhythm.de\/wp-content\/uploads\/2016\/12\/20161021_155659-768x432.jpg 768w, http:\/\/living-rhythm.de\/wp-content\/uploads\/2016\/12\/20161021_155659-1024x576.jpg 1024w, http:\/\/living-rhythm.de\/wp-content\/uploads\/2016\/12\/20161021_155659-624x351.jpg 624w, http:\/\/living-rhythm.de\/wp-content\/uploads\/2016\/12\/20161021_155659.jpg 2048w\" sizes=\"(max-width: 300px) 100vw, 300px\" \/><\/a><\/p>\n<p><a href=\"http:\/\/living-rhythm.de\/?attachment_id=318\" rel=\"attachment wp-att-318\"><img decoding=\"async\" loading=\"lazy\" class=\"alignnone size-medium wp-image-318\" src=\"http:\/\/living-rhythm.de\/wp-content\/uploads\/2016\/12\/20161021_155206-300x169.jpg\" alt=\"20161021_155206\" width=\"300\" height=\"169\" srcset=\"http:\/\/living-rhythm.de\/wp-content\/uploads\/2016\/12\/20161021_155206-300x169.jpg 300w, http:\/\/living-rhythm.de\/wp-content\/uploads\/2016\/12\/20161021_155206-768x432.jpg 768w, http:\/\/living-rhythm.de\/wp-content\/uploads\/2016\/12\/20161021_155206-1024x576.jpg 1024w, http:\/\/living-rhythm.de\/wp-content\/uploads\/2016\/12\/20161021_155206-624x351.jpg 624w, http:\/\/living-rhythm.de\/wp-content\/uploads\/2016\/12\/20161021_155206.jpg 2048w\" sizes=\"(max-width: 300px) 100vw, 300px\" \/><\/a><\/p>\n<p><a href=\"http:\/\/living-rhythm.de\/?attachment_id=320\" rel=\"attachment wp-att-320\"><img decoding=\"async\" loading=\"lazy\" class=\"size-medium wp-image-320\" src=\"http:\/\/living-rhythm.de\/wp-content\/uploads\/2016\/12\/SDC19158-300x225.jpg\" alt=\"SAMSUNG DIGITAL CAMERA\" width=\"300\" height=\"225\" srcset=\"http:\/\/living-rhythm.de\/wp-content\/uploads\/2016\/12\/SDC19158-300x225.jpg 300w, http:\/\/living-rhythm.de\/wp-content\/uploads\/2016\/12\/SDC19158-768x576.jpg 768w, http:\/\/living-rhythm.de\/wp-content\/uploads\/2016\/12\/SDC19158-1024x768.jpg 1024w, http:\/\/living-rhythm.de\/wp-content\/uploads\/2016\/12\/SDC19158-624x468.jpg 624w\" sizes=\"(max-width: 300px) 100vw, 300px\" \/><\/a><\/p>\n<p><a href=\"http:\/\/living-rhythm.de\/?attachment_id=321\" rel=\"attachment wp-att-321\"><img decoding=\"async\" loading=\"lazy\" class=\"size-medium wp-image-321\" src=\"http:\/\/living-rhythm.de\/wp-content\/uploads\/2016\/12\/SDC19164-300x225.jpg\" alt=\"SAMSUNG DIGITAL CAMERA\" width=\"300\" height=\"225\" srcset=\"http:\/\/living-rhythm.de\/wp-content\/uploads\/2016\/12\/SDC19164-300x225.jpg 300w, http:\/\/living-rhythm.de\/wp-content\/uploads\/2016\/12\/SDC19164-768x576.jpg 768w, http:\/\/living-rhythm.de\/wp-content\/uploads\/2016\/12\/SDC19164-1024x768.jpg 1024w, http:\/\/living-rhythm.de\/wp-content\/uploads\/2016\/12\/SDC19164-624x468.jpg 624w\" sizes=\"(max-width: 300px) 100vw, 300px\" \/><\/a><\/p>\n<p><a href=\"http:\/\/living-rhythm.de\/?attachment_id=322\" rel=\"attachment wp-att-322\"><img decoding=\"async\" loading=\"lazy\" class=\"size-medium wp-image-322\" src=\"http:\/\/living-rhythm.de\/wp-content\/uploads\/2016\/12\/SDC19169-300x225.jpg\" alt=\"SAMSUNG DIGITAL CAMERA\" width=\"300\" height=\"225\" srcset=\"http:\/\/living-rhythm.de\/wp-content\/uploads\/2016\/12\/SDC19169-300x225.jpg 300w, http:\/\/living-rhythm.de\/wp-content\/uploads\/2016\/12\/SDC19169-768x576.jpg 768w, http:\/\/living-rhythm.de\/wp-content\/uploads\/2016\/12\/SDC19169-1024x768.jpg 1024w, http:\/\/living-rhythm.de\/wp-content\/uploads\/2016\/12\/SDC19169-624x468.jpg 624w\" sizes=\"(max-width: 300px) 100vw, 300px\" \/><\/a><\/p>\n<p><a href=\"http:\/\/living-rhythm.de\/?attachment_id=323\" rel=\"attachment wp-att-323\"><img decoding=\"async\" loading=\"lazy\" class=\"size-medium wp-image-323\" src=\"http:\/\/living-rhythm.de\/wp-content\/uploads\/2016\/12\/SDC19172-300x225.jpg\" alt=\"SAMSUNG DIGITAL CAMERA\" width=\"300\" height=\"225\" srcset=\"http:\/\/living-rhythm.de\/wp-content\/uploads\/2016\/12\/SDC19172-300x225.jpg 300w, http:\/\/living-rhythm.de\/wp-content\/uploads\/2016\/12\/SDC19172-768x576.jpg 768w, http:\/\/living-rhythm.de\/wp-content\/uploads\/2016\/12\/SDC19172-1024x768.jpg 1024w, http:\/\/living-rhythm.de\/wp-content\/uploads\/2016\/12\/SDC19172-624x468.jpg 624w\" sizes=\"(max-width: 300px) 100vw, 300px\" \/><\/a><\/p>\n","protected":false},"excerpt":{"rendered":"<p>&nbsp; &nbsp; &nbsp; 2017 Das Team von links nach rechts : Alina Broz\u00e9, Ibo Jamin He\u00dfe und Ulf He\u00dfe 2016<\/p>\n","protected":false},"author":1,"featured_media":0,"parent":0,"menu_order":4,"comment_status":"closed","ping_status":"closed","template":"","meta":[],"_links":{"self":[{"href":"http:\/\/living-rhythm.de\/index.php?rest_route=\/wp\/v2\/pages\/314"}],"collection":[{"href":"http:\/\/living-rhythm.de\/index.php?rest_route=\/wp\/v2\/pages"}],"about":[{"href":"http:\/\/living-rhythm.de\/index.php?rest_route=\/wp\/v2\/types\/page"}],"author":[{"embeddable":true,"href":"http:\/\/living-rhythm.de\/index.php?rest_route=\/wp\/v2\/users\/1"}],"replies":[{"embeddable":true,"href":"http:\/\/living-rhythm.de\/index.php?rest_route=%2Fwp%2Fv2%2Fcomments&post=314"}],"version-history":[{"count":7,"href":"http:\/\/living-rhythm.de\/index.php?rest_route=\/wp\/v2\/pages\/314\/revisions"}],"predecessor-version":[{"id":367,"href":"http:\/\/living-rhythm.de\/index.php?rest_route=\/wp\/v2\/pages\/314\/revisions\/367"}],"wp:attachment":[{"href":"http:\/\/living-rhythm.de\/index.php?rest_route=%2Fwp%2Fv2%2Fmedia&parent=314"}],"curies":[{"name":"wp","href":"https:\/\/api.w.org\/{rel}","templated":true}]}}