{"id":73,"date":"2016-05-21T22:28:55","date_gmt":"2016-05-21T22:28:55","guid":{"rendered":"http:\/\/living-rhythm.de\/?page_id=73"},"modified":"2016-08-24T11:15:11","modified_gmt":"2016-08-24T11:15:11","slug":"referenzen-2","status":"publish","type":"page","link":"http:\/\/living-rhythm.de\/?page_id=73","title":{"rendered":"Referenzen"},"content":{"rendered":"<p><strong>Projekte seit 1996 an folgenden Institutionen und Einrichtungen :<\/strong><\/p>\n<ul>\n<li>Jekami, Bildungswerk Sauerland e.V.<\/li>\n<li>Volkshochschulen in Dortmund, Witten Wetter Herdecke, Iserlohn, Datteln, Warstein Beleke, Alsdorf, Gummersbach, Bocholt, Soest und Meinerzhagen<\/li>\n<li>Arbeit mit Gruppen von geistig- und lernbehinderten Menschen<\/li>\n<li>Beringhof (Wickede an der Ruhr)<\/li>\n<li>Behindertenhilfe (Club 78 e.V. Menden),<\/li>\n<li>Netzwerk Diakonie Betreutes Wohnen in Iserlohn<\/li>\n<li>Firma Medice in Iserlohn<\/li>\n<li>Rehazentrum Medifit in Hagen<\/li>\n<li>Ruhrtalklinik, Klinik f\u00fcr psychosomatische Erkrankungen<\/li>\n<li>Firma Dornbracht in Iserlohn<\/li>\n<\/ul>\n<p><strong>Arbeit mit Kindern an Grundschulen und weiterf\u00fchrenden Schulen :<\/strong><\/p>\n<p>B\u00f6mberg in Iserlohn, Gerlingsen in Iserlohn, Nu\u00dfberg in Iserlohn, Becke in Hemer, Villigst in Schwerte, Stein Grundschule, Woeste in Hemer, Brabeck in Hemer, Nachrodt\u2013Wiblingwerde, Albert Schweitzer in Menden, Hennen in Iserlohn, Bartolom\u00e4us in Iserlohn\u2013Letmathe, G-Bleichstr. in Iserlohn, S\u00fcdschule in Iserlohn, Lichte Kammer in Iserlohn, Kalthof in Iserlohn, Lennings Kamp in Schwerte, Bismark Grundschule in Kierspe, Hauptschulen Br\u00fcderstr. in Iserlohn, Martin Luther Hauptschule in Iserlohn, Hauptschule Am Gelben Morgen in Menden, Gesamtschule Nu\u00dfberg in Iserlohn, Gesamtschule Gerlingsen in Iserlohn, Projektwoche in der Saatschule Iserlohn, Friedensschule (FS Lernen) in Iserlohn, Wilhelm Busch Schule (FS Emotionale und Soziale Entw.) in Hemer,<\/p>\n<p><strong>Teambuildings und Workshops :<\/strong><\/p>\n<p>Teambuilding mit 22 Mitarbeitern f\u00fcr die Westf\u00e4lische Klinik Dortmund f\u00fcr Psychiatrie, Psychotherapie und Psychosomatik, Workshop in Hagen Halver im Jugendzentrum,\u00a0 Teambuilding Familienzentrum Hagen Mitte, Teambuilding Elterinitiative Kindertagesst\u00e4tte Tigerente e.V. in Hagen, Jugendzentrum in Hagen Halver, Deutscher Kinderschutzbund e.V. in Iserlohn, Ev. Kirchengemeinde in Nachrodt\/Wiblingwerde, Fortbildung mit 24 Kindergartenerzieherinnen in Hagen, Teambuilding f\u00fcr die Sparkasse Iserlohn, Teambuilding mit 70 Personen in Attendorn, Teambuilding mit Medice in Iserlohn, Teambuilding mit Patienten und Angeh\u00f6rigen der ehemaligen Wachkomapatienten in Hattingen mit 40 Personen, Teambuiling in der Firma Medifit in Hagenmit ca 60 Personen, Viertelj\u00e4hrlicher Workshop in der Ruhrtalklinik ( Klink f\u00fcr psychosomatische Erkrankungen), Teambuilding mit der Firma Dornbracht in Iserlohn, Teambuilding in den Kindertageseinrichtungen von Nachrodt und Wiblingwerde<\/p>\n<p><span style=\"text-decoration: underline;\"><strong><a href=\"http:\/\/living-rhythm.de\/?attachment_id=137\" rel=\"attachment wp-att-137\"><span style=\"color: #000000; text-decoration: underline;\">Empfehlungsschreiben verschiedener Einrichtungen :<\/span><\/a><\/strong><\/span><\/p>\n<p><a href=\"http:\/\/living-rhythm.de\/?attachment_id=137\" rel=\"attachment wp-att-137\"><span style=\"color: #000080;\">Landes Musik Akademie NRW<\/span><\/a><\/p>\n<p><a href=\"http:\/\/living-rhythm.de\/?attachment_id=137\" rel=\"attachment wp-att-137\">\u00a0 <img decoding=\"async\" loading=\"lazy\" class=\"alignnone size-thumbnail wp-image-137\" src=\"http:\/\/living-rhythm.de\/wp-content\/uploads\/2016\/05\/Referenz11-150x150.jpg\" alt=\"Referenz11\" width=\"150\" height=\"150\" \/><\/a><\/p>\n<p><span style=\"text-decoration: underline;\"><span style=\"color: #000080;\">Netzwerk Diakonie<\/span><\/span><\/p>\n<p><a href=\"http:\/\/living-rhythm.de\/?attachment_id=135\" rel=\"attachment wp-att-135\">\u00a0 <img decoding=\"async\" loading=\"lazy\" class=\"alignnone size-thumbnail wp-image-135\" src=\"http:\/\/living-rhythm.de\/wp-content\/uploads\/2016\/05\/Referenz9-150x150.jpg\" alt=\"Referenz9\" width=\"150\" height=\"150\" \/><\/a><\/p>\n<p><span style=\"text-decoration: underline;\"><span style=\"color: #000080;\">Wilhelm-Busch-Schule, Hemer : F\u00f6rderschule Schwerpunkt Emotionale und Soziale Entwicklung<\/span><\/span><\/p>\n<p><a href=\"http:\/\/living-rhythm.de\/?attachment_id=131\" rel=\"attachment wp-att-131\">\u00a0 <img decoding=\"async\" loading=\"lazy\" class=\"alignnone size-thumbnail wp-image-131\" src=\"http:\/\/living-rhythm.de\/wp-content\/uploads\/2016\/05\/Referenz5-150x150.jpg\" alt=\"Referenz5\" width=\"150\" height=\"150\" \/><\/a><\/p>\n<p><span style=\"text-decoration: underline;\"><span style=\"color: #000080;\">Dienstliche Beurteilung der Hauptschule am Gelben Morgen (Menden)<\/span><\/span><\/p>\n<p><a href=\"http:\/\/living-rhythm.de\/?attachment_id=127\" rel=\"attachment wp-att-127\"><img decoding=\"async\" loading=\"lazy\" class=\"alignnone size-thumbnail wp-image-127\" src=\"http:\/\/living-rhythm.de\/wp-content\/uploads\/2016\/05\/Referenz4a-150x150.jpg\" alt=\"Referenz4a\" width=\"150\" height=\"150\" \/><\/a><a href=\"http:\/\/living-rhythm.de\/?attachment_id=128\" rel=\"attachment wp-att-128\"><img decoding=\"async\" loading=\"lazy\" class=\"alignnone size-thumbnail wp-image-128\" src=\"http:\/\/living-rhythm.de\/wp-content\/uploads\/2016\/05\/Referenz4b-150x150.jpg\" alt=\"Referenz4b\" width=\"150\" height=\"150\" \/><\/a><a href=\"http:\/\/living-rhythm.de\/?attachment_id=129\" rel=\"attachment wp-att-129\"><img decoding=\"async\" loading=\"lazy\" class=\"alignnone size-thumbnail wp-image-129\" src=\"http:\/\/living-rhythm.de\/wp-content\/uploads\/2016\/05\/Referenz4c-150x150.jpg\" alt=\"Referenz4c\" width=\"150\" height=\"150\" \/><\/a><a href=\"http:\/\/living-rhythm.de\/?attachment_id=130\" rel=\"attachment wp-att-130\"><img decoding=\"async\" loading=\"lazy\" class=\"alignnone size-thumbnail wp-image-130\" src=\"http:\/\/living-rhythm.de\/wp-content\/uploads\/2016\/05\/Referenz4d-150x150.jpg\" alt=\"Referenz4d\" width=\"150\" height=\"150\" \/><\/a><\/p>\n<p><span style=\"text-decoration: underline; color: #003366;\"><span style=\"color: #000080; text-decoration: underline;\">Bezirksregierung Arnsberg<\/span><br \/>\n<\/span><\/p>\n<p><span style=\"text-decoration: underline; color: #003366;\">\u00a0<\/span> <a href=\"http:\/\/living-rhythm.de\/?attachment_id=126\" rel=\"attachment wp-att-126\"><img decoding=\"async\" loading=\"lazy\" class=\"alignnone size-thumbnail wp-image-126\" src=\"http:\/\/living-rhythm.de\/wp-content\/uploads\/2016\/05\/Referenz3-150x150.jpg\" alt=\"Referenz3\" width=\"150\" height=\"150\" \/><\/a><\/p>\n<p><span style=\"text-decoration: underline; color: #000080;\">Verein zur Hilfe f\u00fcr Cerebralgesch\u00e4digte e.V.<\/span><\/p>\n<p><a href=\"http:\/\/living-rhythm.de\/?attachment_id=247\" rel=\"attachment wp-att-247\">img20160703_15494558<\/a><\/p>\n<p><span style=\"text-decoration: underline; color: #000080;\">Ruhrtalklinik : Rehabilitationsklinik f\u00fcr Behinderte im Landesverband der Lebenshilfe f\u00fcr geistig Behinderte Nordrhein Westfalen e.V.<\/span><\/p>\n<p><a href=\"http:\/\/living-rhythm.de\/?attachment_id=249\" rel=\"attachment wp-att-249\">img20160703_15503377<\/a><\/p>\n<p><span style=\"text-decoration: underline; color: #000080;\">Behindertenhilfe Menden, Club \u00b478 e.V.<\/span><\/p>\n<p><a href=\"http:\/\/living-rhythm.de\/?attachment_id=250\" rel=\"attachment wp-att-250\">img20160703_15523763<\/a><\/p>\n","protected":false},"excerpt":{"rendered":"<p>Projekte seit 1996 an folgenden Institutionen und Einrichtungen : Jekami, Bildungswerk Sauerland e.V. Volkshochschulen in Dortmund, Witten Wetter Herdecke, Iserlohn, Datteln, Warstein Beleke, Alsdorf, Gummersbach, Bocholt, Soest und Meinerzhagen Arbeit mit Gruppen von geistig- und lernbehinderten Menschen Beringhof (Wickede an der Ruhr) Behindertenhilfe (Club 78 e.V. Menden), Netzwerk Diakonie Betreutes Wohnen in Iserlohn Firma Medice [&hellip;]<\/p>\n","protected":false},"author":1,"featured_media":0,"parent":0,"menu_order":4,"comment_status":"closed","ping_status":"closed","template":"","meta":[],"_links":{"self":[{"href":"http:\/\/living-rhythm.de\/index.php?rest_route=\/wp\/v2\/pages\/73"}],"collection":[{"href":"http:\/\/living-rhythm.de\/index.php?rest_route=\/wp\/v2\/pages"}],"about":[{"href":"http:\/\/living-rhythm.de\/index.php?rest_route=\/wp\/v2\/types\/page"}],"author":[{"embeddable":true,"href":"http:\/\/living-rhythm.de\/index.php?rest_route=\/wp\/v2\/users\/1"}],"replies":[{"embeddable":true,"href":"http:\/\/living-rhythm.de\/index.php?rest_route=%2Fwp%2Fv2%2Fcomments&post=73"}],"version-history":[{"count":17,"href":"http:\/\/living-rhythm.de\/index.php?rest_route=\/wp\/v2\/pages\/73\/revisions"}],"predecessor-version":[{"id":307,"href":"http:\/\/living-rhythm.de\/index.php?rest_route=\/wp\/v2\/pages\/73\/revisions\/307"}],"wp:attachment":[{"href":"http:\/\/living-rhythm.de\/index.php?rest_route=%2Fwp%2Fv2%2Fmedia&parent=73"}],"curies":[{"name":"wp","href":"https:\/\/api.w.org\/{rel}","templated":true}]}}